{"id":424,"date":"2026-04-27T09:19:16","date_gmt":"2026-04-27T15:19:16","guid":{"rendered":"https:\/\/labs.agsci.colostate.edu\/eubanks\/?page_id=424"},"modified":"2026-04-27T09:19:16","modified_gmt":"2026-04-27T15:19:16","slug":"pubs","status":"publish","type":"page","link":"https:\/\/labs.agsci.colostate.edu\/eubanks\/pubs\/","title":{"rendered":"Publications"},"content":{"rendered":"\n<!-- block -->\n<div class=\"custom-block-wrappper text-block stylized lite top-spacing-default bottom-spacing-default\">\n\n    <div class=\"publication\"><a href=\"https:\/\/pubmed.ncbi.nlm.nih.gov\/40202043\/\">Indirect plant defense provides economically important pest suppression in sorghum.<\/a>\u00a0Russavage, E., A.M. Helms, M.N. Thompson*, A. Szczepaniec, W.L. Rooney, D.L. Kerns, and M.D. Eubanks. Pest Management Science. 2025.<\/p>\n<\/div>\n<div class=\"publication\"><a href=\"https:\/\/pubmed.ncbi.nlm.nih.gov\/38647585\/\">Aphid-induced volatiles and subsequent attraction of natural enemies varies among sorghum cultivars.<\/a>\u00a0Russavage, E., J.A. Hewlett*, J.M. Grunseich*, A. Szczepaniec, W.L. Rooney, A.M. Helms, and M.D. Eubanks. 2024. Journal of Chemical Ecology 50:262-275.<\/p>\n<\/div>\n<div class=\"publication\"><a href=\"https:\/\/www.researchgate.net\/publication\/371792890_Bugs_Carry_Pollen_Too_Pollination_Efficiency_of_Plant_Bug_Pseudatomoscelis_seriatus_Hemiptera_Miridae_Visiting_Cotton_Flowers\">Bugs carry pollen too: Pollination efficiency of plant bug, Pseudatomoscelis seriatus (Hemiptera: Miridae) visiting cotton flowers.<\/a>\u00a0Garcia, L.C., J. Gould, and M.D. Eubanks. 2023. Florida Entomologist.<\/p>\n<\/div>\n<div class=\"publication\"><a href=\"https:\/\/pubmed.ncbi.nlm.nih.gov\/37943897\/\">Plant size, latitude, and phylogeny explain variability in global herbivory.<\/a>\u00a0Herbivory Variability Network, ML Robinson, PG Hahn, BD Inouye, N Underwood, SR Whitehead, KC Abbott, EM Bruna, NI Cacho, LA Dyer, L Abdala-Roberts, WJ Allen, JF Andrade, DF Angulo, D Anjos, DN Anstett, R Bagchi, S Bagchi, M Barbosa, S Barrett, CA Baskett, E Ben-Simchon, KJ Bloodworth, JL Bronstein, YM Buckley, KT Burghardt, C Bustos-Segura, ES Calixto, RL Carvalho, B Castagneyrol, MC Chiuffo, D Cino\u011flu, E Cinto Mej\u00eda, MC Cock, R Cogni, OL Cope, T Cornelissen, DR Cortez, DW Crowder, C Dallstream, W D\u00e1ttilo, JK Davis, RD Dimarco, HE Dole, IN Egbon, M Eisenring, A Ejomah, BD Elderd, M-J Endara, MD Eubanks, SE Everingham, KN Farah, RP Farias, AP Fernandes, GW Fernandes, M Ferrante, A Finn, GA Florjancic, ML Forister, QN Fox, E Frago, FM Fran\u00e7a, AS Getman-Pickering, Z Getman-Pickering, E Gianoli, B Gooden, MM Gossner, KA Greig, S Gripenberg, R Groenteman, P Grof-Tisza, N Haack, L Hahn, SM Haq, AM Helms, J Hennecke, SL Hermann, LM Holeski, S Holm, MC Hutchinson, EE Jackson, S Kagiya, A Kalske, M Kalwajtys, R Karban, R Kariyat, T Keasar, MF Kersch-Becker, HM Kharouba, TN Kim, DM Kimuyu, J Kluse, SE Koerner, KJ Komatsu, S Krishnan, M Laihonen, L Lamelas-L\u00f3pez, MC LaScaleia, N Lecomte, CR Lehn, X Li, RL Lindroth, EF LoPresti, M Losada, AM Louthan, VJ Luizzi, SC Lynch, JS Lynn, NJ Lyon, LF Maia, RA Maia, TL Mannall, BS Martin, TJ Massad, AC McCall, K McGurrin, AC Merwin, Z Mijango-Ramos, CH Mills, AT Moles, CM Moore, X Moreira, CR Morrison, MC Moshobane, A Muola, R Nakadai, K Nakajima, S Novais, CO Ogbebor, H Ohsaki, VS Pan, NA Pardikes, M Pareja, N Parthasarathy, RR Pawar, Q Paynter, IS Pearse, RM Penczykowski, AA Pepi, CC Pereira, SS Phartyal, FI Piper, K Poveda, EG Pringle, J Puy, T Quijano, C Quintero, S Rasmann, C Rosche, LY Rosenheim. 2023. Science.<\/p>\n<\/div>\n<div class=\"publication\"><a href=\"https:\/\/pmc.ncbi.nlm.nih.gov\/articles\/PMC12539392\/\">Landscape complexity has mixed effects on an invasive aphid and its natural enemies in sorghum agroecosystems.<\/a>\u00a0Elkins, B.H., M.D. Eubanks, A.M. Faris, H.H. Wang, and M.J. Brewer. 2022. Environmental Entomology.<\/p>\n<\/div>\n\n<\/div>\n<!-- END block -->","protected":false},"excerpt":{"rendered":"","protected":false},"author":4,"featured_media":0,"parent":0,"menu_order":0,"comment_status":"closed","ping_status":"closed","template":"","meta":{"_acf_changed":false,"footnotes":""},"class_list":["post-424","page","type-page","status-publish","hentry"],"acf":[],"_links":{"self":[{"href":"https:\/\/labs.agsci.colostate.edu\/eubanks\/wp-json\/wp\/v2\/pages\/424","targetHints":{"allow":["GET"]}}],"collection":[{"href":"https:\/\/labs.agsci.colostate.edu\/eubanks\/wp-json\/wp\/v2\/pages"}],"about":[{"href":"https:\/\/labs.agsci.colostate.edu\/eubanks\/wp-json\/wp\/v2\/types\/page"}],"author":[{"embeddable":true,"href":"https:\/\/labs.agsci.colostate.edu\/eubanks\/wp-json\/wp\/v2\/users\/4"}],"replies":[{"embeddable":true,"href":"https:\/\/labs.agsci.colostate.edu\/eubanks\/wp-json\/wp\/v2\/comments?post=424"}],"version-history":[{"count":1,"href":"https:\/\/labs.agsci.colostate.edu\/eubanks\/wp-json\/wp\/v2\/pages\/424\/revisions"}],"predecessor-version":[{"id":425,"href":"https:\/\/labs.agsci.colostate.edu\/eubanks\/wp-json\/wp\/v2\/pages\/424\/revisions\/425"}],"wp:attachment":[{"href":"https:\/\/labs.agsci.colostate.edu\/eubanks\/wp-json\/wp\/v2\/media?parent=424"}],"curies":[{"name":"wp","href":"https:\/\/api.w.org\/{rel}","templated":true}]}}